{"id":1896,"date":"2017-07-12T05:54:00","date_gmt":"2017-07-12T05:54:00","guid":{"rendered":"https:\/\/mlaconsultores.com.br\/?page_id=1896"},"modified":"2021-07-20T14:23:42","modified_gmt":"2021-07-20T14:23:42","slug":"services-3","status":"publish","type":"page","link":"https:\/\/mlaconsultores.com.br\/?page_id=1896","title":{"rendered":"Services"},"content":{"rendered":"\t\t<div data-elementor-type=\"wp-post\" data-elementor-id=\"1896\" class=\"elementor elementor-1896\" data-elementor-settings=\"[]\">\n\t\t\t\t\t\t\t<div class=\"elementor-section-wrap\">\n\t\t\t\t\t\t\t<section class=\"elementor-section elementor-top-section elementor-element elementor-element-50fc9c04 elementor-section-boxed elementor-section-height-default elementor-section-height-default\" data-id=\"50fc9c04\" data-element_type=\"section\" data-settings=\"{&quot;background_background&quot;:&quot;classic&quot;,&quot;ekit_has_onepagescroll_dot&quot;:&quot;yes&quot;}\">\n\t\t\t\t\t\t\t<div class=\"elementor-background-overlay\"><\/div>\n\t\t\t\t\t\t\t<div class=\"elementor-container elementor-column-gap-no\">\n\t\t\t\t\t<div class=\"elementor-column elementor-col-100 elementor-top-column elementor-element elementor-element-6f49ead0\" data-id=\"6f49ead0\" data-element_type=\"column\" data-settings=\"{&quot;background_background&quot;:&quot;classic&quot;}\">\n\t\t\t<div class=\"elementor-widget-wrap elementor-element-populated\">\n\t\t\t\t\t\t\t\t<div class=\"elementor-element elementor-element-6f63bc33 elementor-widget elementor-widget-heading\" data-id=\"6f63bc33\" data-element_type=\"widget\" data-widget_type=\"heading.default\">\n\t\t\t\t<div class=\"elementor-widget-container\">\n\t\t\t<h1 class=\"elementor-heading-title elementor-size-default\">Servi\u00e7os<\/h1>\t\t<\/div>\n\t\t\t\t<\/div>\n\t\t\t\t\t<\/div>\n\t\t<\/div>\n\t\t\t\t\t\t\t<\/div>\n\t\t<\/section>\n\t\t\t\t<section class=\"elementor-section elementor-top-section elementor-element elementor-element-0c32ec9 elementor-section-boxed elementor-section-height-default elementor-section-height-default\" data-id=\"0c32ec9\" data-element_type=\"section\" data-settings=\"{&quot;background_background&quot;:&quot;classic&quot;,&quot;ekit_has_onepagescroll_dot&quot;:&quot;yes&quot;}\">\n\t\t\t\t\t\t<div class=\"elementor-container elementor-column-gap-no\">\n\t\t\t\t\t<div class=\"elementor-column elementor-col-100 elementor-top-column elementor-element elementor-element-0d4df1e\" data-id=\"0d4df1e\" data-element_type=\"column\">\n\t\t\t<div class=\"elementor-widget-wrap elementor-element-populated\">\n\t\t\t\t\t\t\t\t<div class=\"elementor-element elementor-element-4fd4c89 elementor-widget elementor-widget-heading\" data-id=\"4fd4c89\" data-element_type=\"widget\" data-widget_type=\"heading.default\">\n\t\t\t\t<div class=\"elementor-widget-container\">\n\t\t\t<h3 class=\"elementor-heading-title elementor-size-default\">Nossa Especializa\u00e7\u00e3o\u200b<\/h3>\t\t<\/div>\n\t\t\t\t<\/div>\n\t\t\t\t<div class=\"elementor-element elementor-element-e13f0b4 elementor-widget-divider--view-line elementor-widget elementor-widget-divider\" data-id=\"e13f0b4\" data-element_type=\"widget\" data-widget_type=\"divider.default\">\n\t\t\t\t<div class=\"elementor-widget-container\">\n\t\t\t\t\t<div class=\"elementor-divider\">\n\t\t\t<span class=\"elementor-divider-separator\">\n\t\t\t\t\t\t<\/span>\n\t\t<\/div>\n\t\t\t\t<\/div>\n\t\t\t\t<\/div>\n\t\t\t\t<div class=\"elementor-element elementor-element-bbf1162 elementor-widget elementor-widget-text-editor\" data-id=\"bbf1162\" data-element_type=\"widget\" data-widget_type=\"text-editor.default\">\n\t\t\t\t<div class=\"elementor-widget-container\">\n\t\t\t\t\t<div class=\"elementor-text-editor elementor-clearfix\"><p>A MLA Consultores Associados representa clientes nacionais e estrangeiros atuantes numa ampla gama de setores, incluindo automotivo, ind\u00fastria, constru\u00e7\u00e3o e materiais de constru\u00e7\u00e3o, energia e recursos naturais, servi\u00e7os hoteleiros, tecnologia, entre outros.<\/p><p>A empresa possui um portf\u00f3lio de servi\u00e7os que consegue alcan\u00e7ar todas as \u00e1reas da gest\u00e3o tribut\u00e1ria de seus clientes, conforme demonstramos:<\/p><\/div>\n\t\t\t\t<\/div>\n\t\t\t\t<\/div>\n\t\t\t\t\t<\/div>\n\t\t<\/div>\n\t\t\t\t\t\t\t<\/div>\n\t\t<\/section>\n\t\t\t\t<section class=\"elementor-section elementor-top-section elementor-element elementor-element-5763c2e elementor-section-content-middle elementor-section-boxed elementor-section-height-default elementor-section-height-default\" data-id=\"5763c2e\" data-element_type=\"section\" data-settings=\"{&quot;background_background&quot;:&quot;gradient&quot;,&quot;ekit_has_onepagescroll_dot&quot;:&quot;yes&quot;}\">\n\t\t\t\t\t\t<div class=\"elementor-container elementor-column-gap-no\">\n\t\t\t\t\t<div class=\"elementor-column elementor-col-50 elementor-top-column elementor-element elementor-element-35b9f32\" data-id=\"35b9f32\" data-element_type=\"column\">\n\t\t\t<div class=\"elementor-widget-wrap elementor-element-populated\">\n\t\t\t\t\t\t\t\t<div class=\"elementor-element elementor-element-38a978b elementor-widget elementor-widget-heading\" data-id=\"38a978b\" data-element_type=\"widget\" data-widget_type=\"heading.default\">\n\t\t\t\t<div class=\"elementor-widget-container\">\n\t\t\t<h2 class=\"elementor-heading-title elementor-size-default\">Otimiza\u00e7\u00e3o Tribut\u00e1ria<\/h2>\t\t<\/div>\n\t\t\t\t<\/div>\n\t\t\t\t<div class=\"elementor-element elementor-element-98f5992 elementor-widget-divider--view-line elementor-widget elementor-widget-divider\" data-id=\"98f5992\" data-element_type=\"widget\" data-widget_type=\"divider.default\">\n\t\t\t\t<div class=\"elementor-widget-container\">\n\t\t\t\t\t<div class=\"elementor-divider\">\n\t\t\t<span class=\"elementor-divider-separator\">\n\t\t\t\t\t\t<\/span>\n\t\t<\/div>\n\t\t\t\t<\/div>\n\t\t\t\t<\/div>\n\t\t\t\t<div class=\"elementor-element elementor-element-06d90b4 elementor-widget elementor-widget-heading\" data-id=\"06d90b4\" data-element_type=\"widget\" data-widget_type=\"heading.default\">\n\t\t\t\t<div class=\"elementor-widget-container\">\n\t\t\t<h4 class=\"elementor-heading-title elementor-size-default\">Compromisso com seus resultados<\/h4>\t\t<\/div>\n\t\t\t\t<\/div>\n\t\t\t\t<div class=\"elementor-element elementor-element-c05f0eb elementor-widget elementor-widget-text-editor\" data-id=\"c05f0eb\" data-element_type=\"widget\" data-widget_type=\"text-editor.default\">\n\t\t\t\t<div class=\"elementor-widget-container\">\n\t\t\t\t\t<div class=\"elementor-text-editor elementor-clearfix\"><p>Nossos servi\u00e7os de otimiza\u00e7\u00e3o tribut\u00e1ria objetivam potencializar ganhos tribut\u00e1rios e proporcionam gera\u00e7\u00e3o de caixa para as empresas, considerando aspectos de imparcialidade e seguran\u00e7a jur\u00eddica, apresentando os n\u00edveis de riscos associados \u00e0s opera\u00e7\u00f5es.<\/p><p>Por meio de nossa metodologia e uso de ferramentas tecnol\u00f3gicas de Business Intelligence e Data Analytics, realizamos o diagn\u00f3stico detalhado do ambiente de neg\u00f3cio e mapeamento das principais pr\u00e1ticas tribut\u00e1rias.<\/p><p>Al\u00e9m de recuperar tributos pagos indevidamente no passado, nossa abordagem tamb\u00e9m permite reduzir a carga tribut\u00e1ria em opera\u00e7\u00f5es futuras nos cen\u00e1rios aplic\u00e1veis.<\/p><p>Nossos profissionais possuem expertise no desenvolvimento de projetos focados em otimiza\u00e7\u00e3o tribut\u00e1ria, com casos de sucesso relevantes em diversos segmentos de neg\u00f3cios, especialmente ind\u00fastria da transforma\u00e7\u00e3o, bem de consumo, servi\u00e7o, varejo, hotelaria e transportes.<\/p><\/div>\n\t\t\t\t<\/div>\n\t\t\t\t<\/div>\n\t\t\t\t\t<\/div>\n\t\t<\/div>\n\t\t\t\t<div class=\"elementor-column elementor-col-50 elementor-top-column elementor-element elementor-element-7959868\" data-id=\"7959868\" data-element_type=\"column\">\n\t\t\t<div class=\"elementor-widget-wrap elementor-element-populated\">\n\t\t\t\t\t\t\t\t<div class=\"elementor-element elementor-element-a92c807 elementor-widget elementor-widget-image\" data-id=\"a92c807\" data-element_type=\"widget\" data-widget_type=\"image.default\">\n\t\t\t\t<div class=\"elementor-widget-container\">\n\t\t\t\t\t<div class=\"elementor-image\">\n\t\t\t\t\t\t\t\t\t\t<img decoding=\"async\" src=\"https:\/\/mlaconsultores.com.br\/wp-content\/uploads\/2021\/03\/Processo-Servicos2.png\" title=\"Processo Servi\u00e7os2\" alt=\"Processo Servi\u00e7os2\" \/>\t\t\t\t\t\t\t\t\t\t\t<\/div>\n\t\t\t\t<\/div>\n\t\t\t\t<\/div>\n\t\t\t\t\t<\/div>\n\t\t<\/div>\n\t\t\t\t\t\t\t<\/div>\n\t\t<\/section>\n\t\t\t\t<section class=\"elementor-section elementor-top-section elementor-element elementor-element-8dffae8 elementor-section-content-middle elementor-section-boxed elementor-section-height-default elementor-section-height-default\" data-id=\"8dffae8\" data-element_type=\"section\" data-settings=\"{&quot;background_background&quot;:&quot;gradient&quot;,&quot;ekit_has_onepagescroll_dot&quot;:&quot;yes&quot;}\">\n\t\t\t\t\t\t<div class=\"elementor-container elementor-column-gap-no\">\n\t\t\t\t\t<div class=\"elementor-column elementor-col-50 elementor-top-column elementor-element elementor-element-c999c95\" data-id=\"c999c95\" data-element_type=\"column\">\n\t\t\t<div class=\"elementor-widget-wrap elementor-element-populated\">\n\t\t\t\t\t\t\t\t<div class=\"elementor-element elementor-element-04963a8 elementor-widget elementor-widget-image\" data-id=\"04963a8\" data-element_type=\"widget\" data-widget_type=\"image.default\">\n\t\t\t\t<div class=\"elementor-widget-container\">\n\t\t\t\t\t<div class=\"elementor-image\">\n\t\t\t\t\t\t\t\t\t\t<img decoding=\"async\" src=\"https:\/\/mlaconsultores.com.br\/wp-content\/uploads\/2021\/07\/Depositphotos_21559991_xl-2015-1-scaled.jpg\" title=\"Business accounting and finance\" alt=\"Balance and calculating results of a business accounting\" \/>\t\t\t\t\t\t\t\t\t\t\t<\/div>\n\t\t\t\t<\/div>\n\t\t\t\t<\/div>\n\t\t\t\t\t<\/div>\n\t\t<\/div>\n\t\t\t\t<div class=\"elementor-column elementor-col-50 elementor-top-column elementor-element elementor-element-f04ca67\" data-id=\"f04ca67\" data-element_type=\"column\">\n\t\t\t<div class=\"elementor-widget-wrap elementor-element-populated\">\n\t\t\t\t\t\t\t\t<div class=\"elementor-element elementor-element-bded83b elementor-widget elementor-widget-heading\" data-id=\"bded83b\" data-element_type=\"widget\" data-widget_type=\"heading.default\">\n\t\t\t\t<div class=\"elementor-widget-container\">\n\t\t\t<h2 class=\"elementor-heading-title elementor-size-default\">Tax Compliance Technology<\/h2>\t\t<\/div>\n\t\t\t\t<\/div>\n\t\t\t\t<div class=\"elementor-element elementor-element-5533cb8 elementor-widget-divider--view-line elementor-widget elementor-widget-divider\" data-id=\"5533cb8\" data-element_type=\"widget\" data-widget_type=\"divider.default\">\n\t\t\t\t<div class=\"elementor-widget-container\">\n\t\t\t\t\t<div class=\"elementor-divider\">\n\t\t\t<span class=\"elementor-divider-separator\">\n\t\t\t\t\t\t<\/span>\n\t\t<\/div>\n\t\t\t\t<\/div>\n\t\t\t\t<\/div>\n\t\t\t\t<div class=\"elementor-element elementor-element-60d7951 elementor-widget elementor-widget-text-editor\" data-id=\"60d7951\" data-element_type=\"widget\" data-widget_type=\"text-editor.default\">\n\t\t\t\t<div class=\"elementor-widget-container\">\n\t\t\t\t\t<div class=\"elementor-text-editor elementor-clearfix\"><p>Os servi\u00e7os do tax compliance technology da MLA Consultores objetivam atender \u00e0s necessidades da rotina fiscal-cont\u00e1bil de seus clientes, propiciando o contato peri\u00f3dico com os temas mais relevantes, de forma a buscar o compliance fiscal corporativo.<\/p><p>Nossa abordagem compreende a uni\u00e3o de conhecimento t\u00e9cnico-tribut\u00e1rio e utiliza\u00e7\u00e3o de ferramentas tecnol\u00f3gicas baseada em Business Intelligence e Data Analytics, potencializando a adequada gest\u00e3o das obriga\u00e7\u00f5es fiscais no ambiente tribut\u00e1rio, redu\u00e7\u00e3o de carga tribut\u00e1ria e gera\u00e7\u00e3o de caixa por meio da identifica\u00e7\u00e3o de oportunidades tribut\u00e1rias.<\/p><p>Por meio da metodologia criada pela MLA Consultores, buscamos ampliar a seguran\u00e7a necess\u00e1ria nas informa\u00e7\u00f5es prestadas no ambiente tribut\u00e1rio envolvendo obriga\u00e7\u00f5es acess\u00f3rias digitais correlatas aos tributos indiretos e diretos, visando evitar penalidades que em muitos casos podem comprometer o \u201ccore business\u201d das empresas.<\/p><\/div>\n\t\t\t\t<\/div>\n\t\t\t\t<\/div>\n\t\t\t\t\t<\/div>\n\t\t<\/div>\n\t\t\t\t\t\t\t<\/div>\n\t\t<\/section>\n\t\t\t\t<section class=\"elementor-section elementor-top-section elementor-element elementor-element-351cad5 elementor-section-content-middle elementor-section-boxed elementor-section-height-default elementor-section-height-default\" data-id=\"351cad5\" data-element_type=\"section\" data-settings=\"{&quot;background_background&quot;:&quot;gradient&quot;,&quot;ekit_has_onepagescroll_dot&quot;:&quot;yes&quot;}\">\n\t\t\t\t\t\t<div class=\"elementor-container elementor-column-gap-no\">\n\t\t\t\t\t<div class=\"elementor-column elementor-col-50 elementor-top-column elementor-element elementor-element-ba5fc91\" data-id=\"ba5fc91\" data-element_type=\"column\">\n\t\t\t<div class=\"elementor-widget-wrap elementor-element-populated\">\n\t\t\t\t\t\t\t\t<div class=\"elementor-element elementor-element-6fdca7c elementor-widget elementor-widget-heading\" data-id=\"6fdca7c\" data-element_type=\"widget\" data-widget_type=\"heading.default\">\n\t\t\t\t<div class=\"elementor-widget-container\">\n\t\t\t<h2 class=\"elementor-heading-title elementor-size-default\">Incentivos Fiscais\n<\/h2>\t\t<\/div>\n\t\t\t\t<\/div>\n\t\t\t\t<div class=\"elementor-element elementor-element-3ab5e7d elementor-widget-divider--view-line elementor-widget elementor-widget-divider\" data-id=\"3ab5e7d\" data-element_type=\"widget\" data-widget_type=\"divider.default\">\n\t\t\t\t<div class=\"elementor-widget-container\">\n\t\t\t\t\t<div class=\"elementor-divider\">\n\t\t\t<span class=\"elementor-divider-separator\">\n\t\t\t\t\t\t<\/span>\n\t\t<\/div>\n\t\t\t\t<\/div>\n\t\t\t\t<\/div>\n\t\t\t\t<div class=\"elementor-element elementor-element-fe62e5f elementor-widget elementor-widget-text-editor\" data-id=\"fe62e5f\" data-element_type=\"widget\" data-widget_type=\"text-editor.default\">\n\t\t\t\t<div class=\"elementor-widget-container\">\n\t\t\t\t\t<div class=\"elementor-text-editor elementor-clearfix\"><p>Em nossos servi\u00e7os, realizamos um conjunto de solu\u00e7\u00f5es\/cen\u00e1rios para apoiar as empresas nas diversas situa\u00e7\u00f5es que possibilitem a utiliza\u00e7\u00e3o dos incentivos fiscais concedidos pelos governos federal e estadual.<\/p><p>Identificadas as solu\u00e7\u00f5es, auxiliamos na implementa\u00e7\u00e3o dos benef\u00edcios e incentivos fiscais juntamente com os \u00f3rg\u00e3os governamentais federais (SUDENE e SUDAM) e estaduais, os quais citamos:<\/p><ol><li>Redu\u00e7\u00e3o de 75% do IRPJ para projetos de instala\u00e7\u00e3o, moderniza\u00e7\u00e3o, amplia\u00e7\u00e3o e diversifica\u00e7\u00e3o.<\/li><\/ol><p>Beneficia pessoas jur\u00eddicas titulares de projetos de implanta\u00e7\u00e3o, moderniza\u00e7\u00e3o, amplia\u00e7\u00e3o ou diversifica\u00e7\u00e3o de empreendimentos, com a<\/p><p>redu\u00e7\u00e3o de 75% (setenta e cinco por cento) do imposto, inclusive adicionais n\u00e3o-restitu\u00edveis, pelo prazo de 10 (dez) anos.<\/p><ul><li>Reinvestimento do IRPJ<\/li><\/ul><p>Beneficia pessoas jur\u00eddicas com empreendimentos em opera\u00e7\u00e3o na \u00e1rea de atua\u00e7\u00e3o da Sudene e Sudam, com o reinvestimento de 30% (trinta por cento) do Imposto devido, em projetos de moderniza\u00e7\u00e3o ou complementa\u00e7\u00e3o de equipamento.<\/p><ul><li>Isen\u00e7\u00e3o do IRPJ (programa de inclus\u00e3o digital)<\/li><\/ul><p>Beneficia pessoas jur\u00eddicas titulares de projetos de implanta\u00e7\u00e3o, moderniza\u00e7\u00e3o, amplia\u00e7\u00e3o ou diversifica\u00e7\u00e3o de empreendimentos, com a isen\u00e7\u00e3o do imposto, inclusive adicionais n\u00e3o- restitu\u00edveis, pelo prazo de 10 (dez) anos, para as atividades de fabrica\u00e7\u00e3o de m\u00e1quinas, equipamentos, instrumentos e dispositivos baseados em tecnologia digital, voltados para o programa de inclus\u00e3o digital.<\/p><ul><li>Deprecia\u00e7\u00e3o acelerada<\/li><\/ul><p>Beneficia pessoas jur\u00eddicas, que usufruam do Incentivo Fiscal de Redu\u00e7\u00e3o de 75% do IRPJ, com a deprecia\u00e7\u00e3o acelerada incentivada de bens adquiridos, para efeito de c\u00e1lculo do imposto sobre a renda, e com o desconto dos cr\u00e9ditos da Contribui\u00e7\u00e3o para o PIS\/Pasep e da Cofins.<\/p><ul><li>Incentivos fiscais estaduais &#8211; Cr\u00e9dito presumido e diferimento do ICMS (Estados)<\/li><\/ul><\/div>\n\t\t\t\t<\/div>\n\t\t\t\t<\/div>\n\t\t\t\t\t<\/div>\n\t\t<\/div>\n\t\t\t\t<div class=\"elementor-column elementor-col-50 elementor-top-column elementor-element elementor-element-557c352\" data-id=\"557c352\" data-element_type=\"column\">\n\t\t\t<div class=\"elementor-widget-wrap elementor-element-populated\">\n\t\t\t\t\t\t\t\t<div class=\"elementor-element elementor-element-bbf7a22 elementor-widget elementor-widget-image\" data-id=\"bbf7a22\" data-element_type=\"widget\" data-widget_type=\"image.default\">\n\t\t\t\t<div class=\"elementor-widget-container\">\n\t\t\t\t\t<div class=\"elementor-image\">\n\t\t\t\t\t\t\t\t\t\t<img decoding=\"async\" src=\"https:\/\/mlaconsultores.com.br\/wp-content\/uploads\/2021\/03\/Depositphotos_80147336_s-2019.jpg\" title=\"Business teamwork\" alt=\"Professional business team working together at office desk discussing during a meeting, efficiency and teamwork concept\" \/>\t\t\t\t\t\t\t\t\t\t\t<\/div>\n\t\t\t\t<\/div>\n\t\t\t\t<\/div>\n\t\t\t\t\t<\/div>\n\t\t<\/div>\n\t\t\t\t\t\t\t<\/div>\n\t\t<\/section>\n\t\t\t\t<section class=\"elementor-section elementor-top-section elementor-element elementor-element-cf34bcc elementor-section-boxed elementor-section-height-default elementor-section-height-default\" data-id=\"cf34bcc\" data-element_type=\"section\" data-settings=\"{&quot;background_background&quot;:&quot;classic&quot;,&quot;ekit_has_onepagescroll_dot&quot;:&quot;yes&quot;}\">\n\t\t\t\t\t\t\t<div class=\"elementor-background-overlay\"><\/div>\n\t\t\t\t\t\t\t<div class=\"elementor-container elementor-column-gap-no\">\n\t\t\t\t\t<div class=\"elementor-column elementor-col-100 elementor-top-column elementor-element elementor-element-66a1862\" data-id=\"66a1862\" data-element_type=\"column\">\n\t\t\t<div class=\"elementor-widget-wrap elementor-element-populated\">\n\t\t\t\t\t\t\t\t<div class=\"elementor-element elementor-element-4d85f5c elementor-widget-divider--view-line elementor-widget elementor-widget-divider\" data-id=\"4d85f5c\" data-element_type=\"widget\" data-widget_type=\"divider.default\">\n\t\t\t\t<div class=\"elementor-widget-container\">\n\t\t\t\t\t<div class=\"elementor-divider\">\n\t\t\t<span class=\"elementor-divider-separator\">\n\t\t\t\t\t\t<\/span>\n\t\t<\/div>\n\t\t\t\t<\/div>\n\t\t\t\t<\/div>\n\t\t\t\t<div class=\"elementor-element elementor-element-40fbccd elementor-widget elementor-widget-heading\" data-id=\"40fbccd\" data-element_type=\"widget\" data-widget_type=\"heading.default\">\n\t\t\t\t<div class=\"elementor-widget-container\">\n\t\t\t<h2 class=\"elementor-heading-title elementor-size-default\">Quero Consultar um especialista<\/h2>\t\t<\/div>\n\t\t\t\t<\/div>\n\t\t\t\t<div class=\"elementor-element elementor-element-aa739b4 elementor-widget elementor-widget-text-editor\" data-id=\"aa739b4\" data-element_type=\"widget\" data-widget_type=\"text-editor.default\">\n\t\t\t\t<div class=\"elementor-widget-container\">\n\t\t\t\t\t<div class=\"elementor-text-editor elementor-clearfix\"><p>Entre em contato conosco que teremos o maior prazer em atend\u00ea-lo.\u00a0<\/p><\/div>\n\t\t\t\t<\/div>\n\t\t\t\t<\/div>\n\t\t\t\t<div class=\"elementor-element elementor-element-e049221 elementor-align-center elementor-widget elementor-widget-button\" data-id=\"e049221\" data-element_type=\"widget\" data-widget_type=\"button.default\">\n\t\t\t\t<div class=\"elementor-widget-container\">\n\t\t\t\t\t<div class=\"elementor-button-wrapper\">\n\t\t\t<a href=\"https:\/\/mlaconsultores.com.br\/?page_id=1897\" class=\"elementor-button-link elementor-button elementor-size-sm\" role=\"button\">\n\t\t\t\t\t\t<span class=\"elementor-button-content-wrapper\">\n\t\t\t\t\t\t<span class=\"elementor-button-icon elementor-align-icon-right\">\n\t\t\t\t<svg xmlns=\"http:\/\/www.w3.org\/2000\/svg\" viewBox=\"0 0 32 32\"><path d=\"M 18.71875 6.78125 L 17.28125 8.21875 L 24.0625 15 L 4 15 L 4 17 L 24.0625 17 L 17.28125 23.78125 L 18.71875 25.21875 L 27.21875 16.71875 L 27.90625 16 L 27.21875 15.28125 Z\"><\/path><\/svg>\t\t\t<\/span>\n\t\t\t\t\t\t<span class=\"elementor-button-text\">Contate-nos hoje<\/span>\n\t\t<\/span>\n\t\t\t\t\t<\/a>\n\t\t<\/div>\n\t\t\t\t<\/div>\n\t\t\t\t<\/div>\n\t\t\t\t\t<\/div>\n\t\t<\/div>\n\t\t\t\t\t\t\t<\/div>\n\t\t<\/section>\n\t\t\t\t\t\t<\/div>\n\t\t\t\t\t<\/div>\n\t\t","protected":false},"excerpt":{"rendered":"<p>Servi\u00e7os Nossa Especializa\u00e7\u00e3o\u200b A MLA Consultores Associados representa clientes nacionais e estrangeiros atuantes numa ampla gama de setores, incluindo automotivo, ind\u00fastria, constru\u00e7\u00e3o e materiais de constru\u00e7\u00e3o, energia e recursos naturais, servi\u00e7os hoteleiros, tecnologia, entre outros. A empresa possui um portf\u00f3lio de servi\u00e7os que consegue alcan\u00e7ar todas as \u00e1reas da gest\u00e3o tribut\u00e1ria de seus clientes, conforme &hellip;<\/p>\n<p class=\"read-more\"> <a class=\"\" href=\"https:\/\/mlaconsultores.com.br\/?page_id=1896\"> <span class=\"screen-reader-text\">Services<\/span> Leia mais &raquo;<\/a><\/p>\n","protected":false},"author":1,"featured_media":0,"parent":0,"menu_order":0,"comment_status":"closed","ping_status":"closed","template":"","meta":{"footnotes":""},"class_list":["post-1896","page","type-page","status-publish","hentry"],"_links":{"self":[{"href":"https:\/\/mlaconsultores.com.br\/index.php?rest_route=\/wp\/v2\/pages\/1896","targetHints":{"allow":["GET"]}}],"collection":[{"href":"https:\/\/mlaconsultores.com.br\/index.php?rest_route=\/wp\/v2\/pages"}],"about":[{"href":"https:\/\/mlaconsultores.com.br\/index.php?rest_route=\/wp\/v2\/types\/page"}],"author":[{"embeddable":true,"href":"https:\/\/mlaconsultores.com.br\/index.php?rest_route=\/wp\/v2\/users\/1"}],"replies":[{"embeddable":true,"href":"https:\/\/mlaconsultores.com.br\/index.php?rest_route=%2Fwp%2Fv2%2Fcomments&post=1896"}],"version-history":[{"count":42,"href":"https:\/\/mlaconsultores.com.br\/index.php?rest_route=\/wp\/v2\/pages\/1896\/revisions"}],"predecessor-version":[{"id":2435,"href":"https:\/\/mlaconsultores.com.br\/index.php?rest_route=\/wp\/v2\/pages\/1896\/revisions\/2435"}],"wp:attachment":[{"href":"https:\/\/mlaconsultores.com.br\/index.php?rest_route=%2Fwp%2Fv2%2Fmedia&parent=1896"}],"curies":[{"name":"wp","href":"https:\/\/api.w.org\/{rel}","templated":true}]}}